{"id":10,"date":"2022-01-03T08:16:40","date_gmt":"2022-01-03T08:16:40","guid":{"rendered":"https:\/\/www.montmartre.cz\/?page_id=10"},"modified":"2026-03-03T18:22:53","modified_gmt":"2026-03-03T18:22:53","slug":"repertoar","status":"publish","type":"page","link":"https:\/\/www.montmartre.cz\/?page_id=10","title":{"rendered":"REPERTO\u00c1R"},"content":{"rendered":"<h2><strong>Hudebn\u011b-liter\u00e1rn\u00ed po\u0159ady<\/strong><\/h2>\n<p><strong>\u00a0<\/strong><strong>Odehran\u00e1 p\u0159edstaven\u00ed<\/strong><\/p>\n<p><strong>\u00a0<\/strong><strong>SBOHEM, MARIANNE \u2013 <\/strong>sc\u00e9nick\u00fd portr\u00e9t kanadsk\u00e9ho zp\u00edvaj\u00edc\u00edho b\u00e1sn\u00edka Leonarda Cohena. Sc\u00e9n\u00e1\u0159 V\u00e1clav Proch\u00e1zka, \u00fa\u010dinkuj\u00ed Alfr\u00e9d Strej\u010dek, T\u00e1\u0148a Fischerov\u00e1\/ Barbora Kodetov\u00e1, Franti\u0161ek Kreuzmann\/V\u00e1clav Proch\u00e1zka.<\/p>\n<p><strong>D\u016eM U T\u0158ECH DIV\u00ddCH aneb MONTWALTNER \u2013<\/strong> hudebn\u011b-tane\u010dn\u00ed ve\u010der s\u00a0hv\u011bzdami slavn\u00e9ho Waltnerova kabaretu, kter\u00fd sv\u00e9ho \u010dasu statis\u00edce nejen bavil, ale i vyd\u011bl\u00e1val. Sc\u00e9n\u00e1\u0159 V\u00e1clav Proch\u00e1zka, re\u017eie Jarom\u00edr Stan\u011bk, \u00fa\u010dinkuj\u00ed Franti\u0161ek Kreuzmann, Ivan Remta, Bohum\u00edr Star\u00fd, Zbyn\u011bk Fric, Rostislav Trt\u00edk, Marcela Kyselov\u00e1, Vladim\u00edra Kr\u00e1l\u00ed\u010dkov\u00e1, Kate\u0159ina Du\u0161kov\u00e1, V\u00e1clav Proch\u00e1zka.<\/p>\n<p><strong>KELTSK\u00dd ROK &#8211; <\/strong>sc\u00e9nick\u00e1 kol\u00e1\u017e keltsk\u00fdch legend, pranostik a poezie. Sc\u00e9n\u00e1\u0159, ver\u0161e V\u00e1clav Proch\u00e1zka, re\u017eie Jarom\u00edr Stan\u011bk, \u00fa\u010dinkuj\u00ed Franti\u0161ek Kreuzmann, Kate\u0159ina Du\u0161kov\u00e1, Martina Koutn\u00e1, Dagmar Pa\u0159\u00edzkov\u00e1, Hana Nedv\u011bdov\u00e1.<\/p>\n<p><strong>\u010cERN\u00c1 HODINKA \u2013 <\/strong>Karel Teige a Toyen o poetismu, dadaismu a surrealismu.\u00a0 Sc\u00e9n\u00e1\u0159 V\u00e1clav Proch\u00e1zka, re\u017eie Franti\u0161ek Kreuzmann, \u00fa\u010dinkuj\u00ed Franti\u0161ek Kreuzmann, Kate\u0159ina B\u0159ezinov\u00e1.<\/p>\n<p><strong>KR\u00c1LOVNA JEZER \u2013 <\/strong>recita\u010dn\u00ed ve\u010der z\u00a0b\u00e1snick\u00fdch sb\u00edrek V\u00e1clava Proch\u00e1zky \u201eAmeriko, Ameriko\u201c, \u201eKr\u00e1lovna jezer\u201c, \u201eGalantn\u00ed erotikon\u201c a \u201eKvadratura \u017eeny\u201c s\u00a0hudebn\u00edm doprovodem z\u00a0tvorby Leonarda Cohena, Boba Dylana, Paula Simona, Arta Gargunkela a Donovana Leitche. Sc\u00e9n\u00e1\u0159 V\u00e1clav Proch\u00e1zka, \u00fa\u010dinkuj\u00ed Barbora Kodetov\u00e1 (zp\u011bv, recitace), Martina Koutn\u00e1 (ukulele), V\u00e1clav Proch\u00e1zka (zp\u011bv, recitace, kytara).<\/p>\n<p><strong>PRO\u010c BY SV\u011aT NEM\u011aL P\u0158ICH\u00c1ZET O B\u00c1SN\u00cdKY \u2013 <\/strong>On a Ona o poezii. Skromn\u00fd hold nejkr\u00e1sn\u011bj\u0161\u00edmu liter\u00e1rn\u00edmu \u017e\u00e1nru. Sc\u00e9n\u00e1\u0159 V\u00e1clav Proch\u00e1zka, re\u017eie Franti\u0161ek Kreuzmann, \u00fa\u010dinkuj\u00ed Franti\u0161ek Kreuzmann, Kate\u0159ina B\u0159ezinov\u00e1.<\/p>\n<h2><strong>Divadeln\u00ed hry<\/strong><\/h2>\n<p><strong>\u00a0<\/strong>V\u00e1clav Proch\u00e1zka, <strong>P\u00cdSE\u0147 O SVAT\u00c9M V\u00c1CLAVU \u2013 <\/strong>sc\u00e9nick\u00e9 oratorium o nejv\u011bt\u0161\u00edm \u010desk\u00e9m sv\u011btci. Re\u017eie Jarom\u00edr Stan\u011bk, \u00fa\u010dinkuj\u00ed Alfr\u00e9d Strej\u010dek, Franti\u0161ek Kreuzmann, Svatopluk Schuller, Gabriela Filippi. V\u011bnov\u00e1no re\u017eis\u00e9ru Jarom\u00edru Sta\u0148kovi.<\/p>\n<p>V\u00e1clav Proch\u00e1zka, <strong>KAV\u00c1RNA SLAVIA \u2013 <\/strong>Od Zlat\u00e9 kapli\u010dky k\u00a0sametov\u00e9 revoluci. Sc\u00e9nick\u00e9 obrazy z\u00a0d\u011bjin nejslavn\u011bj\u0161\u00ed pra\u017esk\u00e9 kav\u00e1rny, tvo\u0159\u00edc\u00ed v\u00edce ne\u017e jedno stolet\u00ed neodmysliteln\u00fd kolorit spole\u010densk\u00e9ho a kulturn\u00edho \u017eivota hlavn\u00edho m\u011bsta. Re\u017eie Franti\u0161ek Kreuzmann, \u00fa\u010dinkuj\u00ed Jitka Nerudov\u00e1, Franti\u0161ek Kreuzmann, Miroslav Moravec, Karel H\u00e1bl.<\/p>\n<h2><strong>Hran\u00e1 p\u0159edstaven\u00ed<\/strong><\/h2>\n<h3><strong>\u00a0<\/strong><strong>Hudebn\u011b-liter\u00e1rn\u00ed po\u0159ady<\/strong><\/h3>\n<p><strong>\u00a0<\/strong><strong>PT\u00c1CI NA TELEGRAFN\u00cdM DR\u00c1T\u011a \u2013 <\/strong>jam-session s p\u0159edstaviteli zp\u011bv\u00e1ck\u00e9 generace \u201esvobody a vzdoru\u201c 60. a 70. let minul\u00e9ho stolet\u00ed Leonardem Cohenem, Bobem Dylanem, Paulem Simonem, Artem Garfunkelem a Donovanem Leitchem. Sc\u00e9n\u00e1\u0159, p\u0159eklady text\u016f V\u00e1clav Proch\u00e1zka, \u00fa\u010dinkuj\u00ed Mark\u00e9ta Zehrerov\u00e1 (zp\u011bv, recitace), Martina Koutn\u00e1 (ukulele), V\u00e1clav Proch\u00e1zka (zp\u011bv, recitace, kytara), Ond\u0159ej Kraus (kontrabas), V\u00e1clav Spurn\u00fd (foukac\u00ed harmonika).<\/p>\n<p><strong>CHYTIT V\u00cdTR &#8211; <\/strong>\u00a0voln\u00e9 pokra\u010dov\u00e1n\u00ed po\u0159adu <strong>Pt\u00e1ci na telegrafn\u00edm dr\u00e1t\u011b,<\/strong> v\u011bnovan\u00e9 i tentokr\u00e1t p\u00edsn\u00edm a text\u016fm Leonarda Cohena, Boba Dylana, Paula Simona, Arta Garfunkela a Donovana Leitche. Pro zpest\u0159en\u00ed zazn\u00ed uk\u00e1zky z tvorby Johnyho Cashe, Woodyho Guthrieho a Toma Jonese. Sc\u00e9n\u00e1\u0159, p\u0159eklady text\u016f V\u00e1clav Proch\u00e1zka, \u00fa\u010dinkuj\u00ed Mark\u00e9ta Zehrerov\u00e1 (zp\u011bv, recitace), Martina Koutn\u00e1 (ukulele), V\u00e1clav Proch\u00e1zka (zp\u011bv, recitace, kytara), Ond\u0159ej Kraus (kontrabas), V\u00e1clav Spurn\u00fd (foukac\u00ed harmonika).<\/p>\n<p>V\u00e1clav Proch\u00e1zka,\u00a0<strong>PODBRD\u0160T\u00cd<\/strong><strong> G\u00c9NIOV\u00c9 aneb CIMRMAN NEBYL S\u00c1M I, II &#8211; <\/strong>\u00a0popul\u00e1rn\u011b nau\u010dn\u00e9 soar\u00e9 s hudebn\u00edm doprovodem, shrnuj\u00edc\u00ed dosavadn\u00ed poznatky nov\u00e9 spole\u010densk\u00e9 v\u011bdy brdologie o nejv\u00fdznamn\u011bj\u0161\u00edch osobnostech Podbrdska za Rakouska-Uherska, kter\u00e9 si v ni\u010dem nezadaly s nejslavn\u011bj\u0161\u00edm \u010cechem. Ur\u010deno v\u0161em se smyslem pro nesmysl, zejm\u00e9na milovn\u00edk\u016fm slovn\u00edho humoru a liter\u00e1rn\u011b-historick\u00e9 mystifikace. \u00da\u010dinkuj\u00ed Martina Koutn\u00e1 (zp\u011bv, ukulele), Jakub Proch\u00e1zka (mluven\u00e9 slovo, zp\u011bv),\u00a0 V\u00e1clav Proch\u00e1zka (mluven\u00e9 slovo, zp\u011bv, akkordeon). P\u0159edstaven\u00ed je uv\u00e1d\u011bno ve spolupr\u00e1ci s <strong>\u010ceskou spole\u010dnost\u00ed brdologickou.<\/strong><\/p>\n<p>V\u00e1clav Proch\u00e1zka, <strong>ACH PRY\u010c, ACH PRY\u010c JE V\u0160ECKO &#8211; <\/strong>exkurz d\u011bjinami pra\u017esk\u00e9 galerky a m\u011bstsk\u00e9ho folkloru za Rakouska &#8211; Uherska a tzv. prvn\u00ed republiky s hudebn\u00edm doprovodem. \u00da\u010dinkuj\u00ed Martina Koutn\u00e1 (ukulele), Jakub Proch\u00e1zka (mluven\u00e9 slovo, zp\u011bv), V\u00e1clav Proch\u00e1zka (mluven\u00e9 slovo, zp\u011bv, akkordeon).<\/p>\n<h2><strong>Divadeln\u00ed hry<\/strong><\/h2>\n<p>V\u00e1clav Proch\u00e1zka, <strong>PRODEJN\u00c1 NEV\u011aSTA<\/strong> &#8211; \u010dinohern\u00ed fragment p\u016fvodn\u00ed tragikomick\u00e9 opery se zp\u011bvy o t\u0159ech bezv\u00fdsledn\u00fdch jedn\u00e1n\u00edch. Re\u017eie Franti\u0161ek Kreuzmann, hudba Karel Cornelius Ku\u010dera, zvuk, sv\u011btla Filip Ku\u0161mirek, kost\u00fdmy co d\u016fm dal. \u00da\u010dinkuj\u00ed Nat\u00e1lie Stekl\u00e1, Martina Koutn\u00e1, Ond\u0159ej \u010cern\u00fd, Jakub Proch\u00e1zka, V\u00e1clav Proch\u00e1zka.<\/p>\n<p><strong>\u00a0<\/strong>V\u00e1clav Proch\u00e1zka, <strong>ST\u00cdNY RAMP \u2013 <\/strong>tragikomick\u00e1 kabaretn\u00ed f\u00e9erie o \u017eivotn\u00ed a um\u011bleck\u00e9 cest\u011b t\u0159\u00ed \u017een, jej\u00ed\u017e sm\u011br ur\u010dilo mnoho mu\u017e\u016f a jedna v\u00e1lka. Re\u017eie Franti\u0161ek Kreuzmann, hudba Jakub Posp\u00ed\u0161il, texty p\u00edsn\u00ed V\u00e1clav Proch\u00e1zka, \u00fa\u010dinkuj\u00ed Vladim\u00edra Kr\u00e1l\u00ed\u010dkov\u00e1, Marcela Kyselov\u00e1, Daniela Krhutov\u00e1\/Jarmila Vl\u010dkov\u00e1, Ivan Remta, klav\u00edrn\u00ed doprovod Jakub Posp\u00ed\u0161il. V\u00a0obnoven\u00e9 premi\u00e9\u0159e \u00fa\u010dinkuj\u00ed Kamila Ondru\u0161kov\u00e1, Daniela Proch\u00e1zkov\u00e1, Barbora Hru\u0161kov\u00e1, Ivan Remta, V\u00e1clav Proch\u00e1zka.<\/p>\n<p><strong>Divadeln\u00ed hry, uv\u00e1d\u011bn\u00e9 na jin\u00fdch jevi\u0161t\u00edch<\/strong><\/p>\n<p>V\u00e1clav Proch\u00e1zka, <strong>DUET PRO T\u0158I<\/strong> (hra byla do konce roku 2021 uv\u00e1d\u011bna pod n\u00e1zvem JEDNA A JEDNA JSOU T\u0158I)<strong>\u00a0\u2013 <\/strong>fiktivn\u00ed dialog miluj\u00edc\u00ed a milovan\u00e9 \u017eeny o miluj\u00edc\u00edm a milovan\u00e9m mu\u017ei. Anna a Josef\u00edna \u010cerm\u00e1kovi o Anton\u00ednu Dvo\u0159\u00e1kovi. N\u00e1m\u011bt Zuzana Ko\u017einov\u00e1, Milu\u0161e Dreiseitlov\u00e1, re\u017eie Libor Hru\u0161ka, hudba Anton\u00edn Dvo\u0159\u00e1k, \u00fa\u010dinkuj\u00ed Barbora Hru\u0161kov\u00e1,\u00a0 Nat\u00e1lie Ot\u00e1halov\u00e1, Kate\u0159ina Seidlov\u00e1, Lucie Ko\u017einov\u00e1, Zuzana Ko\u017einov\u00e1. Hru uv\u00e1d\u00ed <strong>Divadlo Ve v\u011b\u017ei.<\/strong><\/p>\n<p>V\u00e1clav Proch\u00e1zka, <strong>SOUHV\u011aZD\u00cd LYRY \u2013 <\/strong>tragick\u00fd p\u0159\u00edb\u011bh sv\u011btozn\u00e1m\u00e9 houslistky na pozad\u00ed man\u017eelsk\u00e9ho \u010dty\u0159\u00faheln\u00edku. Inspirov\u00e1no skute\u010dn\u00fdmi osudy violoncellistky Jacqueliny Dupr\u00e9. Re\u017eie Libor Hru\u0161ka, \u00fa\u010dinkuj\u00ed Kate\u0159ina Seidlov\u00e1, Lucie Ko\u017einov\u00e1, Zuzana Ko\u017einov\u00e1, Libor Hru\u0161ka, Zden\u011bk Hru\u0161ka. Adaptaci hry pod n\u00e1zvem <strong>A\u017e usly\u0161\u00ed\u0161 mo\u0159e <\/strong>uv\u00e1d\u00ed <strong>Divadlo Ve v\u011b\u017ei.<\/strong><\/p>\n<p><strong>\u00a0<\/strong>V\u00e1clav Proch\u00e1zka, <strong>MALOSTRANSK\u00c9 V\u00c1NOCE \u2013 <\/strong>sc\u00e9nick\u00e1 parafr\u00e1ze Nerudov\u00fdch \u201ePov\u00eddek malostransk\u00fdch\u201c. Re\u017eie Franti\u0161ek Kreuzmann, \u00fa\u010dinkuj\u00ed Franti\u0161ek Kreuzmann, Svatopluk Schuller, Myriam Kantorkov\u00e1. Hru uv\u00e1d\u00ed divadlo <strong>Litera.<\/strong><\/p>\n<p><strong>\u00a0<\/strong>V\u00e1clav Proch\u00e1zka, <strong>KONVERZATO\u0158 \u2013 <\/strong>konverza\u010dn\u00ed komedie o tom, co se m\u016f\u017ee st\u00e1t, kdy\u017e situaci, kdy o nic nejde, vyst\u0159\u00edd\u00e1 situace, kdy o n\u011bco jde.\u00a0 Maturitn\u00ed p\u0159edstaven\u00ed poslucha\u010d\u016f IV. ro\u010dn\u00edku <strong>Mezin\u00e1rodn\u00ed konzervato\u0159e Praha.<\/strong><\/p>\n","protected":false},"excerpt":{"rendered":"<p>Hudebn\u011b-liter\u00e1rn\u00ed po\u0159ady \u00a0Odehran\u00e1 p\u0159edstaven\u00ed \u00a0SBOHEM, MARIANNE \u2013 sc\u00e9nick\u00fd portr\u00e9t kanadsk\u00e9ho zp\u00edvaj\u00edc\u00edho b\u00e1sn\u00edka Leonarda Cohena. Sc\u00e9n\u00e1\u0159 V\u00e1clav Proch\u00e1zka, \u00fa\u010dinkuj\u00ed Alfr\u00e9d Strej\u010dek, T\u00e1\u0148a Fischerov\u00e1\/ Barbora Kodetov\u00e1, Franti\u0161ek Kreuzmann\/V\u00e1clav Proch\u00e1zka. D\u016eM U T\u0158ECH DIV\u00ddCH aneb MONTWALTNER \u2013 hudebn\u011b-tane\u010dn\u00ed ve\u010der s\u00a0hv\u011bzdami slavn\u00e9ho Waltnerova kabaretu, kter\u00fd sv\u00e9ho \u010dasu statis\u00edce nejen bavil, ale i vyd\u011bl\u00e1val. Sc\u00e9n\u00e1\u0159 V\u00e1clav Proch\u00e1zka, re\u017eie Jarom\u00edr Stan\u011bk, [&hellip;]<\/p>\n","protected":false},"author":1,"featured_media":0,"parent":0,"menu_order":0,"comment_status":"closed","ping_status":"closed","template":"","meta":{"footnotes":""},"class_list":["post-10","page","type-page","status-publish","hentry","entry"],"_links":{"self":[{"href":"https:\/\/www.montmartre.cz\/index.php?rest_route=\/wp\/v2\/pages\/10","targetHints":{"allow":["GET"]}}],"collection":[{"href":"https:\/\/www.montmartre.cz\/index.php?rest_route=\/wp\/v2\/pages"}],"about":[{"href":"https:\/\/www.montmartre.cz\/index.php?rest_route=\/wp\/v2\/types\/page"}],"author":[{"embeddable":true,"href":"https:\/\/www.montmartre.cz\/index.php?rest_route=\/wp\/v2\/users\/1"}],"replies":[{"embeddable":true,"href":"https:\/\/www.montmartre.cz\/index.php?rest_route=%2Fwp%2Fv2%2Fcomments&post=10"}],"version-history":[{"count":11,"href":"https:\/\/www.montmartre.cz\/index.php?rest_route=\/wp\/v2\/pages\/10\/revisions"}],"predecessor-version":[{"id":425,"href":"https:\/\/www.montmartre.cz\/index.php?rest_route=\/wp\/v2\/pages\/10\/revisions\/425"}],"wp:attachment":[{"href":"https:\/\/www.montmartre.cz\/index.php?rest_route=%2Fwp%2Fv2%2Fmedia&parent=10"}],"curies":[{"name":"wp","href":"https:\/\/api.w.org\/{rel}","templated":true}]}}