{"id":12,"date":"2022-01-03T08:17:58","date_gmt":"2022-01-03T08:17:58","guid":{"rendered":"https:\/\/www.montmartre.cz\/?page_id=12"},"modified":"2023-07-09T12:12:54","modified_gmt":"2023-07-09T12:12:54","slug":"pripravujeme","status":"publish","type":"page","link":"https:\/\/www.montmartre.cz\/?page_id=12","title":{"rendered":"P\u0158IPRAVUJEME"},"content":{"rendered":"<h2><strong>Hudebn\u011b liter\u00e1rn\u00ed po\u0159ady<\/strong><\/h2>\n<p>V\u00e1clav Proch\u00e1zka, <strong>KNIHA ROD\u016e ADAMOV\u00ddCH \u2013 <\/strong>Stvo\u0159en\u00ed sv\u011bta, Kain a Abel, No\u00e9, Abrah\u00e1m a podvr\u00e1cen\u00ed Sodomy, Iz\u00e1k a J\u00e1kob, Josef, Moj\u017e\u00ed\u0161. Sedm staroz\u00e1konn\u00edch p\u0159\u00edb\u011bh\u016f ve ver\u0161\u00edch s\u00a0hudebn\u00edm doprovodem.<\/p>\n<h2><strong>Divadeln\u00ed hry<\/strong><\/h2>\n<p><strong>Nab\u00eddka divadl\u016fm<\/strong><\/p>\n<h3><strong>\u00a0<\/strong><strong>Poh\u00e1dky, po\u0159ady pro ml\u00e1de\u017e<\/strong><\/h3>\n<p><strong>\u00a0<\/strong><strong>CO JE \u0160T\u011aST\u00cd? \u2013 <\/strong>parafr\u00e1ze poh\u00e1dky Bo\u017eeny N\u011bmcov\u00e9 <strong>Jak Jaromil k\u00a0\u0161t\u011bst\u00ed p\u0159i\u0161el.<\/strong><\/p>\n<p><strong>\u00a0<\/strong><strong>O KUBOVI A TEREZCE \u2013 <\/strong>kominick\u00e1 poh\u00e1dka z\u00a0Mal\u00e9 Strany.<\/p>\n<p><strong>ME\u010c A DU\u0160E \u2013 <\/strong>ver\u0161ovan\u00e1 st\u0159edov\u011bk\u00e1 romance pro star\u0161\u00ed d\u011bti a mlad\u0161\u00ed dosp\u011bl\u00e9.<\/p>\n<p><strong>KAM S\u00a0N\u00cdM? &#8211; <\/strong>nerudovsk\u00e9 dilema mezi humorem a \u201ehumorem\u201c. Ur\u010deno p\u0159ev\u00e1\u017en\u011b \u017e\u00e1k\u016fm druh\u00e9ho stupn\u011b z\u00e1kladn\u00edch a student\u016fm st\u0159edn\u00edch \u0161kol.<\/p>\n<h3><strong>Divadeln\u00ed hry<\/strong><\/h3>\n<p><strong>\u00a0<\/strong>V\u00e1clav Proch\u00e1zka, <strong>P\u0158EDMAN\u017dELSK\u00c1 ODYSEA \u2013 <\/strong>nevt\u00edrav\u00fd hold regresivn\u00ed terapii s\u00a0progresivn\u00edm \u00fa\u010dinkem. Mu\u017e a \u017eena v\u00a0Praze i jinde ve 21., 20., 19., 18., 17., 16. a dal\u0161\u00edch stolet\u00edch.<\/p>\n","protected":false},"excerpt":{"rendered":"<p>Hudebn\u011b liter\u00e1rn\u00ed po\u0159ady V\u00e1clav Proch\u00e1zka, KNIHA ROD\u016e ADAMOV\u00ddCH \u2013 Stvo\u0159en\u00ed sv\u011bta, Kain a Abel, No\u00e9, Abrah\u00e1m a podvr\u00e1cen\u00ed Sodomy, Iz\u00e1k a J\u00e1kob, Josef, Moj\u017e\u00ed\u0161. Sedm staroz\u00e1konn\u00edch p\u0159\u00edb\u011bh\u016f ve ver\u0161\u00edch s\u00a0hudebn\u00edm doprovodem. Divadeln\u00ed hry Nab\u00eddka divadl\u016fm \u00a0Poh\u00e1dky, po\u0159ady pro ml\u00e1de\u017e \u00a0CO JE \u0160T\u011aST\u00cd? \u2013 parafr\u00e1ze poh\u00e1dky Bo\u017eeny N\u011bmcov\u00e9 Jak Jaromil k\u00a0\u0161t\u011bst\u00ed p\u0159i\u0161el. \u00a0O KUBOVI A TEREZCE [&hellip;]<\/p>\n","protected":false},"author":1,"featured_media":0,"parent":0,"menu_order":0,"comment_status":"closed","ping_status":"closed","template":"","meta":{"footnotes":""},"class_list":["post-12","page","type-page","status-publish","hentry","entry"],"_links":{"self":[{"href":"https:\/\/www.montmartre.cz\/index.php?rest_route=\/wp\/v2\/pages\/12","targetHints":{"allow":["GET"]}}],"collection":[{"href":"https:\/\/www.montmartre.cz\/index.php?rest_route=\/wp\/v2\/pages"}],"about":[{"href":"https:\/\/www.montmartre.cz\/index.php?rest_route=\/wp\/v2\/types\/page"}],"author":[{"embeddable":true,"href":"https:\/\/www.montmartre.cz\/index.php?rest_route=\/wp\/v2\/users\/1"}],"replies":[{"embeddable":true,"href":"https:\/\/www.montmartre.cz\/index.php?rest_route=%2Fwp%2Fv2%2Fcomments&post=12"}],"version-history":[{"count":4,"href":"https:\/\/www.montmartre.cz\/index.php?rest_route=\/wp\/v2\/pages\/12\/revisions"}],"predecessor-version":[{"id":314,"href":"https:\/\/www.montmartre.cz\/index.php?rest_route=\/wp\/v2\/pages\/12\/revisions\/314"}],"wp:attachment":[{"href":"https:\/\/www.montmartre.cz\/index.php?rest_route=%2Fwp%2Fv2%2Fmedia&parent=12"}],"curies":[{"name":"wp","href":"https:\/\/api.w.org\/{rel}","templated":true}]}}