{"id":16,"date":"2022-01-03T08:19:23","date_gmt":"2022-01-03T08:19:23","guid":{"rendered":"https:\/\/www.montmartre.cz\/?page_id=16"},"modified":"2026-03-03T18:23:24","modified_gmt":"2026-03-03T18:23:24","slug":"technicke-udaje","status":"publish","type":"page","link":"https:\/\/www.montmartre.cz\/?page_id=16","title":{"rendered":"TECHNICK\u00c9 \u00daDAJE"},"content":{"rendered":"<p><strong>Kancel\u00e1\u0159: <\/strong>Plickova 552\/23, 149 00 Praha 4, Ji\u017en\u00ed M\u011bsto<br \/>\n<strong>Kontakt: <\/strong>V\u00e1clav Proch\u00e1zka, telefon 720\u00a0347\u00a0247, e-mail vac.proch@seznam.cz<\/p>\n<p>Jakub Proch\u00e1zka, telefon 703622669, e-mail <a href=\"mailto:kub.prochazka@seznam.cz\">kub.prochazka@seznam.cz<\/a><\/p>\n<p><strong>Hostitelsk\u00e1 sc\u00e9na: <\/strong>Divadlo Franti\u0161ka Tron\u00ed\u010dka, 110 00, Vladislavova 22, Praha 1<br \/>\n<strong>Kontakt: <\/strong>Ond\u0159ej Kraus, telefon 606 711 484.<\/p>\n<p>e-mail <a href=\"divadlotronicek@seznam.cz\">divadlotronicek@seznam.cz<\/a><\/p>\n<p><strong>Prodej vstupenek: <\/strong>vstupenky lze rezervovat p\u0159es internet nebo zakoupit p\u0159\u00edmo na m\u00edst\u011b \u00bd hodiny p\u0159ed p\u0159edstaven\u00edm.<\/p>\n<p><strong>Spojen\u00ed: <\/strong>metro B stanice N\u00e1rodn\u00ed t\u0159\u00edda, tramvaj 3,6,9,14, 22 stanice Sp\u00e1len\u00e1.<\/p>\n","protected":false},"excerpt":{"rendered":"<p>Kancel\u00e1\u0159: Plickova 552\/23, 149 00 Praha 4, Ji\u017en\u00ed M\u011bsto Kontakt: V\u00e1clav Proch\u00e1zka, telefon 720\u00a0347\u00a0247, e-mail vac.proch@seznam.cz Jakub Proch\u00e1zka, telefon 703622669, e-mail kub.prochazka@seznam.cz Hostitelsk\u00e1 sc\u00e9na: Divadlo Franti\u0161ka Tron\u00ed\u010dka, 110 00, Vladislavova 22, Praha 1 Kontakt: Ond\u0159ej Kraus, telefon 606 711 484. e-mail divadlotronicek@seznam.cz Prodej vstupenek: vstupenky lze rezervovat p\u0159es internet nebo zakoupit p\u0159\u00edmo na m\u00edst\u011b \u00bd [&hellip;]<\/p>\n","protected":false},"author":1,"featured_media":0,"parent":0,"menu_order":0,"comment_status":"closed","ping_status":"closed","template":"","meta":{"footnotes":""},"class_list":["post-16","page","type-page","status-publish","hentry","entry"],"_links":{"self":[{"href":"https:\/\/www.montmartre.cz\/index.php?rest_route=\/wp\/v2\/pages\/16","targetHints":{"allow":["GET"]}}],"collection":[{"href":"https:\/\/www.montmartre.cz\/index.php?rest_route=\/wp\/v2\/pages"}],"about":[{"href":"https:\/\/www.montmartre.cz\/index.php?rest_route=\/wp\/v2\/types\/page"}],"author":[{"embeddable":true,"href":"https:\/\/www.montmartre.cz\/index.php?rest_route=\/wp\/v2\/users\/1"}],"replies":[{"embeddable":true,"href":"https:\/\/www.montmartre.cz\/index.php?rest_route=%2Fwp%2Fv2%2Fcomments&post=16"}],"version-history":[{"count":5,"href":"https:\/\/www.montmartre.cz\/index.php?rest_route=\/wp\/v2\/pages\/16\/revisions"}],"predecessor-version":[{"id":426,"href":"https:\/\/www.montmartre.cz\/index.php?rest_route=\/wp\/v2\/pages\/16\/revisions\/426"}],"wp:attachment":[{"href":"https:\/\/www.montmartre.cz\/index.php?rest_route=%2Fwp%2Fv2%2Fmedia&parent=16"}],"curies":[{"name":"wp","href":"https:\/\/api.w.org\/{rel}","templated":true}]}}