{"id":18,"date":"2022-01-03T08:19:43","date_gmt":"2022-01-03T08:19:43","guid":{"rendered":"https:\/\/www.montmartre.cz\/?page_id=18"},"modified":"2026-03-13T14:20:03","modified_gmt":"2026-03-13T14:20:03","slug":"program-4","status":"publish","type":"page","link":"https:\/\/www.montmartre.cz\/?page_id=18","title":{"rendered":"PROGRAM"},"content":{"rendered":"<p>&nbsp;<\/p>\n<p>Divadlo Franti\u0161ka Tron\u00ed\u010dka &#8211; st\u0159eda 22.4. 19,30<\/p>\n<p>V\u00e1clav Proch\u00e1zka, PODBRD\u0160T\u00cd G\u00c9NIOV\u00c9 aneb CIMRMAN NEBYL S\u00c1M &#8211; popul\u00e1rn\u011b-nau\u010dn\u00e9 soar\u00e9 s hudebn\u00edm doprovodem o nejv\u00fdzna\u010dn\u011bj\u0161\u00edch osobnostech Podbrdska\u00a0 za Rakouska-Uherska, kter\u00e9 si v ni\u010dem nezadaly s nejslavn\u011bj\u0161\u00edm \u010cechem. Ur\u010deno v\u0161em se smyslem pro nesmysl a zejm\u00e9na milovn\u00edk\u016fm slovn\u00edho humoru a mystifikace. \u00da\u010dinkuj\u00ed Martina Koutn\u00e1 (ukulele, mluven\u00e9 slovo, zp\u011bv), Jakub Proch\u00e1zka (mluven\u00e9 slovo, zp\u011bv), V\u00e1clav Proch\u00e1zka (akordeon, mluven\u00e9 slovo, zp\u011bv). K na\u0161emu div\u00e1cky nejvd\u011b\u010dn\u011bj\u0161\u00edmu p\u0159edstaven\u00ed se vrac\u00edme po ro\u010dn\u00ed p\u0159est\u00e1vce.<\/p>\n<p>Tamt\u00e9\u017e &#8211; \u010dtvrtek 21. 5. 19,30<\/p>\n<p>V\u00e1clav Proch\u00e1zka, PRODEJN\u00c1 NEV\u011aSTA\u00a0 aneb MILOSTN\u00c9 ZVI\u0158\u00c1TKO UD\u011aL\u00c1ME Z V\u00c1S &#8211; \u010dinohern\u00ed fragment p\u016fvodn\u00ed tragikomick\u00e9 opery se zp\u011bvy o t\u0159ech bezv\u00fdsledn\u00fdch jedn\u00e1n\u00edch. Re\u017eie Franti\u0161ek Kreuzmann, hudba Karel Cornelius Ku\u010dera, zvuk Filip Ku\u0161mirek, kost\u00fdmy co d\u016fm dal. \u00da\u010dinkuj\u00ed Nat\u00e1lie Stekl\u00e1 (Ma\u0159enka, Esmeralda), Ond\u0159ej \u010cern\u00fd (Jen\u00edk, Va\u0161ek), Martina Koutn\u00e1 (selka, koudelnice), V\u00e1clav Poch\u00e1zka (sedl\u00e1k, koudeln\u00edk), Jakub Proch\u00e1zka (dohazova\u010d Mluvka, princip\u00e1l). Prvn\u00ed, roz\u0161\u00ed\u0159en\u00e1 repr\u00edza.<\/p>\n<p>&nbsp;<\/p>\n<p>&nbsp;<\/p>\n<p>&nbsp;<\/p>\n<p>&nbsp;<\/p>\n<p>&nbsp;<\/p>\n<p>&nbsp;<\/p>\n<p>&nbsp;<\/p>\n<p>&nbsp;<\/p>\n<p>&nbsp;<\/p>\n<p>&nbsp;<\/p>\n<p>&nbsp;<\/p>\n<p>&nbsp;<\/p>\n<p>&nbsp;<\/p>\n<p>&nbsp;<\/p>\n<p>&nbsp;<\/p>\n<p>&nbsp;<\/p>\n<p>&nbsp;<\/p>\n<p>&nbsp;<\/p>\n<p>&nbsp;<\/p>\n<p>&nbsp;<\/p>\n<p>&nbsp;<\/p>\n<p>&nbsp;<\/p>\n<p>&nbsp;<\/p>\n<p>&nbsp;<\/p>\n<p>&nbsp;<\/p>\n<p>&nbsp;<\/p>\n<p>&nbsp;<\/p>\n<p>&nbsp;<\/p>\n<p>&nbsp;<\/p>\n<p>&nbsp;<\/p>\n<p>&nbsp;<\/p>\n<p>&nbsp;<\/p>\n<p>&nbsp;<\/p>\n<p>&nbsp;<\/p>\n<p>&nbsp;<\/p>\n<p>&nbsp;<\/p>\n<p>&nbsp;<\/p>\n<p>&nbsp;<\/p>\n","protected":false},"excerpt":{"rendered":"<p>&nbsp; Divadlo Franti\u0161ka Tron\u00ed\u010dka &#8211; st\u0159eda 22.4. 19,30 V\u00e1clav Proch\u00e1zka, PODBRD\u0160T\u00cd G\u00c9NIOV\u00c9 aneb CIMRMAN NEBYL S\u00c1M &#8211; popul\u00e1rn\u011b-nau\u010dn\u00e9 soar\u00e9 s hudebn\u00edm doprovodem o nejv\u00fdzna\u010dn\u011bj\u0161\u00edch osobnostech Podbrdska\u00a0 za Rakouska-Uherska, kter\u00e9 si v ni\u010dem nezadaly s nejslavn\u011bj\u0161\u00edm \u010cechem. Ur\u010deno v\u0161em se smyslem pro nesmysl a zejm\u00e9na milovn\u00edk\u016fm slovn\u00edho humoru a mystifikace. \u00da\u010dinkuj\u00ed Martina Koutn\u00e1 (ukulele, mluven\u00e9 slovo, [&hellip;]<\/p>\n","protected":false},"author":1,"featured_media":0,"parent":0,"menu_order":0,"comment_status":"closed","ping_status":"closed","template":"","meta":{"footnotes":""},"class_list":["post-18","page","type-page","status-publish","hentry","entry"],"_links":{"self":[{"href":"https:\/\/www.montmartre.cz\/index.php?rest_route=\/wp\/v2\/pages\/18","targetHints":{"allow":["GET"]}}],"collection":[{"href":"https:\/\/www.montmartre.cz\/index.php?rest_route=\/wp\/v2\/pages"}],"about":[{"href":"https:\/\/www.montmartre.cz\/index.php?rest_route=\/wp\/v2\/types\/page"}],"author":[{"embeddable":true,"href":"https:\/\/www.montmartre.cz\/index.php?rest_route=\/wp\/v2\/users\/1"}],"replies":[{"embeddable":true,"href":"https:\/\/www.montmartre.cz\/index.php?rest_route=%2Fwp%2Fv2%2Fcomments&post=18"}],"version-history":[{"count":47,"href":"https:\/\/www.montmartre.cz\/index.php?rest_route=\/wp\/v2\/pages\/18\/revisions"}],"predecessor-version":[{"id":428,"href":"https:\/\/www.montmartre.cz\/index.php?rest_route=\/wp\/v2\/pages\/18\/revisions\/428"}],"wp:attachment":[{"href":"https:\/\/www.montmartre.cz\/index.php?rest_route=%2Fwp%2Fv2%2Fmedia&parent=18"}],"curies":[{"name":"wp","href":"https:\/\/api.w.org\/{rel}","templated":true}]}}