{"id":20,"date":"2022-01-03T08:19:52","date_gmt":"2022-01-03T08:19:52","guid":{"rendered":"https:\/\/www.montmartre.cz\/?page_id=20"},"modified":"2022-03-11T19:02:53","modified_gmt":"2022-03-11T19:02:53","slug":"ohlasy","status":"publish","type":"page","link":"https:\/\/www.montmartre.cz\/?page_id=20","title":{"rendered":"OHLASY"},"content":{"rendered":"<p>Ohlasy na na\u0161e p\u0159edstaven\u00ed pos\u00edlejte na adresu vac.proch@seznam.cz, odkud budou za\u0159azeny do t\u00e9to rubriky.<\/p>\n","protected":false},"excerpt":{"rendered":"<p>Ohlasy na na\u0161e p\u0159edstaven\u00ed pos\u00edlejte na adresu vac.proch@seznam.cz, odkud budou za\u0159azeny do t\u00e9to rubriky.<\/p>\n","protected":false},"author":1,"featured_media":0,"parent":0,"menu_order":0,"comment_status":"closed","ping_status":"closed","template":"","meta":{"footnotes":""},"class_list":["post-20","page","type-page","status-publish","hentry","entry"],"_links":{"self":[{"href":"https:\/\/www.montmartre.cz\/index.php?rest_route=\/wp\/v2\/pages\/20","targetHints":{"allow":["GET"]}}],"collection":[{"href":"https:\/\/www.montmartre.cz\/index.php?rest_route=\/wp\/v2\/pages"}],"about":[{"href":"https:\/\/www.montmartre.cz\/index.php?rest_route=\/wp\/v2\/types\/page"}],"author":[{"embeddable":true,"href":"https:\/\/www.montmartre.cz\/index.php?rest_route=\/wp\/v2\/users\/1"}],"replies":[{"embeddable":true,"href":"https:\/\/www.montmartre.cz\/index.php?rest_route=%2Fwp%2Fv2%2Fcomments&post=20"}],"version-history":[{"count":2,"href":"https:\/\/www.montmartre.cz\/index.php?rest_route=\/wp\/v2\/pages\/20\/revisions"}],"predecessor-version":[{"id":212,"href":"https:\/\/www.montmartre.cz\/index.php?rest_route=\/wp\/v2\/pages\/20\/revisions\/212"}],"wp:attachment":[{"href":"https:\/\/www.montmartre.cz\/index.php?rest_route=%2Fwp%2Fv2%2Fmedia&parent=20"}],"curies":[{"name":"wp","href":"https:\/\/api.w.org\/{rel}","templated":true}]}}