{"id":6,"date":"2022-01-03T08:14:10","date_gmt":"2022-01-03T08:14:10","guid":{"rendered":"https:\/\/www.montmartre.cz\/?page_id=6"},"modified":"2022-02-25T08:10:49","modified_gmt":"2022-02-25T08:10:49","slug":"o-nas","status":"publish","type":"page","link":"https:\/\/www.montmartre.cz\/","title":{"rendered":"O N\u00c1S"},"content":{"rendered":"\t\t<div data-elementor-type=\"wp-page\" data-elementor-id=\"6\" class=\"elementor elementor-6\">\n\t\t\t\t\t\t\t\t\t<section class=\"elementor-section elementor-top-section elementor-element elementor-element-2e99051 elementor-section-stretched elementor-section-boxed elementor-section-height-default elementor-section-height-default\" data-id=\"2e99051\" data-element_type=\"section\" data-settings=\"{&quot;stretch_section&quot;:&quot;section-stretched&quot;}\">\n\t\t\t\t\t\t<div class=\"elementor-container elementor-column-gap-no\">\n\t\t\t\t\t<div class=\"elementor-column elementor-col-100 elementor-top-column elementor-element elementor-element-d52499f\" data-id=\"d52499f\" data-element_type=\"column\">\n\t\t\t<div class=\"elementor-widget-wrap elementor-element-populated\">\n\t\t\t\t\t\t\t\t<div class=\"elementor-element elementor-element-251526d elementor-widget elementor-widget-image\" data-id=\"251526d\" data-element_type=\"widget\" data-widget_type=\"image.default\">\n\t\t\t\t<div class=\"elementor-widget-container\">\n\t\t\t<style>\/*! elementor - v3.14.0 - 26-06-2023 *\/\n.elementor-widget-image{text-align:center}.elementor-widget-image a{display:inline-block}.elementor-widget-image a img[src$=\".svg\"]{width:48px}.elementor-widget-image img{vertical-align:middle;display:inline-block}<\/style>\t\t\t\t\t\t\t\t\t\t\t\t<img loading=\"lazy\" decoding=\"async\" width=\"2560\" height=\"1531\" src=\"https:\/\/www.montmartre.cz\/wp-content\/uploads\/2022\/02\/220205-obr_vap-01a-222-scaled.jpg\" class=\"attachment-full size-full wp-image-170\" alt=\"\" srcset=\"https:\/\/www.montmartre.cz\/wp-content\/uploads\/2022\/02\/220205-obr_vap-01a-222-scaled.jpg 2560w, https:\/\/www.montmartre.cz\/wp-content\/uploads\/2022\/02\/220205-obr_vap-01a-222-300x179.jpg 300w, https:\/\/www.montmartre.cz\/wp-content\/uploads\/2022\/02\/220205-obr_vap-01a-222-1024x612.jpg 1024w, https:\/\/www.montmartre.cz\/wp-content\/uploads\/2022\/02\/220205-obr_vap-01a-222-768x459.jpg 768w, https:\/\/www.montmartre.cz\/wp-content\/uploads\/2022\/02\/220205-obr_vap-01a-222-1536x918.jpg 1536w, https:\/\/www.montmartre.cz\/wp-content\/uploads\/2022\/02\/220205-obr_vap-01a-222-2048x1224.jpg 2048w\" sizes=\"auto, (max-width: 2560px) 100vw, 2560px\" \/>\t\t\t\t\t\t\t\t\t\t\t\t\t\t\t<\/div>\n\t\t\t\t<\/div>\n\t\t\t\t\t<\/div>\n\t\t<\/div>\n\t\t\t\t\t\t\t<\/div>\n\t\t<\/section>\n\t\t\t\t<section class=\"elementor-section elementor-top-section elementor-element elementor-element-3232784 elementor-section-boxed elementor-section-height-default elementor-section-height-default\" data-id=\"3232784\" data-element_type=\"section\">\n\t\t\t\t\t\t<div class=\"elementor-container elementor-column-gap-default\">\n\t\t\t\t\t<div class=\"elementor-column elementor-col-100 elementor-top-column elementor-element elementor-element-fdd6ed2\" data-id=\"fdd6ed2\" data-element_type=\"column\">\n\t\t\t<div class=\"elementor-widget-wrap elementor-element-populated\">\n\t\t\t\t\t\t\t\t<div class=\"elementor-element elementor-element-5a26b21 elementor-widget elementor-widget-image\" data-id=\"5a26b21\" data-element_type=\"widget\" data-widget_type=\"image.default\">\n\t\t\t\t<div class=\"elementor-widget-container\">\n\t\t\t\t\t\t\t\t\t\t\t\t\t\t\t<img loading=\"lazy\" decoding=\"async\" width=\"207\" height=\"300\" src=\"https:\/\/www.montmartre.cz\/wp-content\/uploads\/2022\/02\/220205-obr-vap-08a-207x300.jpg\" class=\"attachment-medium size-medium wp-image-48\" alt=\"\" srcset=\"https:\/\/www.montmartre.cz\/wp-content\/uploads\/2022\/02\/220205-obr-vap-08a-207x300.jpg 207w, https:\/\/www.montmartre.cz\/wp-content\/uploads\/2022\/02\/220205-obr-vap-08a-706x1024.jpg 706w, https:\/\/www.montmartre.cz\/wp-content\/uploads\/2022\/02\/220205-obr-vap-08a-768x1113.jpg 768w, https:\/\/www.montmartre.cz\/wp-content\/uploads\/2022\/02\/220205-obr-vap-08a.jpg 874w\" sizes=\"auto, (max-width: 207px) 100vw, 207px\" \/>\t\t\t\t\t\t\t\t\t\t\t\t\t\t\t<\/div>\n\t\t\t\t<\/div>\n\t\t\t\t\t<\/div>\n\t\t<\/div>\n\t\t\t\t\t\t\t<\/div>\n\t\t<\/section>\n\t\t\t\t<section class=\"elementor-section elementor-top-section elementor-element elementor-element-5f1ba60 elementor-section-boxed elementor-section-height-default elementor-section-height-default\" data-id=\"5f1ba60\" data-element_type=\"section\">\n\t\t\t\t\t\t<div class=\"elementor-container elementor-column-gap-default\">\n\t\t\t\t\t<div class=\"elementor-column elementor-col-100 elementor-top-column elementor-element elementor-element-f9ef086\" data-id=\"f9ef086\" data-element_type=\"column\">\n\t\t\t<div class=\"elementor-widget-wrap elementor-element-populated\">\n\t\t\t\t\t\t\t\t<div class=\"elementor-element elementor-element-f9a6624 elementor-widget elementor-widget-text-editor\" data-id=\"f9a6624\" data-element_type=\"widget\" data-widget_type=\"text-editor.default\">\n\t\t\t\t<div class=\"elementor-widget-container\">\n\t\t\t<style>\/*! elementor - v3.14.0 - 26-06-2023 *\/\n.elementor-widget-text-editor.elementor-drop-cap-view-stacked .elementor-drop-cap{background-color:#69727d;color:#fff}.elementor-widget-text-editor.elementor-drop-cap-view-framed .elementor-drop-cap{color:#69727d;border:3px solid;background-color:transparent}.elementor-widget-text-editor:not(.elementor-drop-cap-view-default) .elementor-drop-cap{margin-top:8px}.elementor-widget-text-editor:not(.elementor-drop-cap-view-default) .elementor-drop-cap-letter{width:1em;height:1em}.elementor-widget-text-editor .elementor-drop-cap{float:left;text-align:center;line-height:1;font-size:50px}.elementor-widget-text-editor .elementor-drop-cap-letter{display:inline-block}<\/style>\t\t\t\t<strong>\u00a0<\/strong><strong>SC\u00c9NA MONTMARTRE<\/strong> vznikla roku 2000 jako divadeln\u00ed sdru\u017een\u00ed nez\u00e1visl\u00fdch profesion\u00e1ln\u00edch um\u011blc\u016f s\u00a0c\u00edlem o\u017eivit tradici stejnojmenn\u00e9ho liter\u00e1rn\u00edho kabaretu, kter\u00fd roku 1911 zalo\u017eil v\u00a0dom\u011b U t\u0159ech div\u00fdch v\u00a0\u0158et\u011bzov\u00e9 ulici na Star\u00e9m M\u011bst\u011b kabareti\u00e9r Josef Waltner.\r\n\r\nDivadlo vych\u00e1z\u00ed v\u00fdhradn\u011b z vlastn\u00ed tvorby. Zpo\u010d\u00e1tku p\u016fsobilo ve sklepn\u00edch prostor\u00e1ch kav\u00e1rny Montmartre na t\u00e9m\u017ee m\u00edst\u011b, kde kdysi st\u00e1val slavn\u00fd kabaret, po povodn\u00edch p\u0159es\u00eddlilo do Jind\u0159i\u0161sk\u00e9 v\u011b\u017ee a divadla Na pr\u00e1dle. Dnes pohostinsky vystupuje v Divadle Franti\u0161ka Tron\u00ed\u010dka, na mal\u00fdch pra\u017esk\u00fdch sc\u00e9n\u00e1ch, v liter\u00e1rn\u00edch kav\u00e1rn\u00e1ch a klubech, a po\u0159\u00e1d\u00e1 z\u00e1jezdov\u00e1 p\u0159edstaven\u00ed.\t\t\t\t\t\t<\/div>\n\t\t\t\t<\/div>\n\t\t\t\t\t<\/div>\n\t\t<\/div>\n\t\t\t\t\t\t\t<\/div>\n\t\t<\/section>\n\t\t\t\t\t\t\t<\/div>\n\t\t","protected":false},"excerpt":{"rendered":"<p>\u00a0SC\u00c9NA MONTMARTRE vznikla roku 2000 jako divadeln\u00ed sdru\u017een\u00ed nez\u00e1visl\u00fdch profesion\u00e1ln\u00edch um\u011blc\u016f s\u00a0c\u00edlem o\u017eivit tradici stejnojmenn\u00e9ho liter\u00e1rn\u00edho kabaretu, kter\u00fd roku 1911 zalo\u017eil v\u00a0dom\u011b U t\u0159ech div\u00fdch v\u00a0\u0158et\u011bzov\u00e9 ulici na Star\u00e9m M\u011bst\u011b kabareti\u00e9r Josef Waltner. Divadlo vych\u00e1z\u00ed v\u00fdhradn\u011b z vlastn\u00ed tvorby. Zpo\u010d\u00e1tku p\u016fsobilo ve sklepn\u00edch prostor\u00e1ch kav\u00e1rny Montmartre na t\u00e9m\u017ee m\u00edst\u011b, kde kdysi st\u00e1val slavn\u00fd kabaret, po [&hellip;]<\/p>\n","protected":false},"author":1,"featured_media":0,"parent":0,"menu_order":0,"comment_status":"closed","ping_status":"closed","template":"","meta":{"footnotes":""},"class_list":["post-6","page","type-page","status-publish","hentry","entry"],"_links":{"self":[{"href":"https:\/\/www.montmartre.cz\/index.php?rest_route=\/wp\/v2\/pages\/6","targetHints":{"allow":["GET"]}}],"collection":[{"href":"https:\/\/www.montmartre.cz\/index.php?rest_route=\/wp\/v2\/pages"}],"about":[{"href":"https:\/\/www.montmartre.cz\/index.php?rest_route=\/wp\/v2\/types\/page"}],"author":[{"embeddable":true,"href":"https:\/\/www.montmartre.cz\/index.php?rest_route=\/wp\/v2\/users\/1"}],"replies":[{"embeddable":true,"href":"https:\/\/www.montmartre.cz\/index.php?rest_route=%2Fwp%2Fv2%2Fcomments&post=6"}],"version-history":[{"count":20,"href":"https:\/\/www.montmartre.cz\/index.php?rest_route=\/wp\/v2\/pages\/6\/revisions"}],"predecessor-version":[{"id":197,"href":"https:\/\/www.montmartre.cz\/index.php?rest_route=\/wp\/v2\/pages\/6\/revisions\/197"}],"wp:attachment":[{"href":"https:\/\/www.montmartre.cz\/index.php?rest_route=%2Fwp%2Fv2%2Fmedia&parent=6"}],"curies":[{"name":"wp","href":"https:\/\/api.w.org\/{rel}","templated":true}]}}